{"id":29861,"date":"2020-09-30T12:41:39","date_gmt":"2020-09-30T12:41:39","guid":{"rendered":"https:\/\/the7.io\/elementor-main\/?page_id=9"},"modified":"2024-06-17T02:21:47","modified_gmt":"2024-06-17T02:21:47","slug":"portfolio","status":"publish","type":"page","link":"http:\/\/onboardteam.us\/en\/portfolio\/","title":{"rendered":"Portfolio"},"content":{"rendered":"<div data-elementor-type=\"wp-page\" data-elementor-id=\"29861\" class=\"elementor elementor-29861\">\n\t\t\t\t\t\t<section class=\"elementor-section elementor-top-section elementor-element elementor-element-049e13d elementor-section-full_width elementor-section-height-default elementor-section-height-default\" data-id=\"049e13d\" data-element_type=\"section\" data-settings=\"{&quot;background_background&quot;:&quot;classic&quot;}\">\n\t\t\t\t\t\t<div class=\"elementor-container elementor-column-gap-wider\">\n\t\t\t\t\t<div class=\"elementor-column elementor-col-100 elementor-top-column elementor-element elementor-element-488a426\" data-id=\"488a426\" data-element_type=\"column\">\n\t\t\t<div class=\"elementor-widget-wrap elementor-element-populated\">\n\t\t\t\t\t\t<div class=\"elementor-element elementor-element-d83e3b2 elementor-widget elementor-widget-the7_elements\" data-id=\"d83e3b2\" data-element_type=\"widget\" data-widget_type=\"the7_elements.default\">\n\t\t\t\t<div class=\"elementor-widget-container\">\n\t\t\t\t\t<div class=\"portfolio-shortcode the7-elementor-widget the7_elements-d83e3b2 mode-masonry classic-layout-list description-under-image content-bg-on widget-with-filter loading-effect-none jquery-filter\" data-padding=\"30px\" data-width=\"310\" data-columns=\"5\" data-post-limit=\"12\" data-pagination-mode=\"load-more\" data-scroll-offset=\"\"><div class=\"iso-filter filter-decorations extras-off filter filter-pointer-underline filter-animation-fade show-filter-categories\"><div class=\"filter-categories\" data-default-order=\"\" data-default-orderby=\"\"><a href=\"http:\/\/onboardteam.us\/en\/portfolio\/\" class=\"show-all filter-item act\" data-filter=\"*\">View All<\/a><a href=\"http:\/\/onboardteam.us\/en\/portfolio\/?term=identidad\" class=\"filter-item identidad\" data-filter=\".category-66\">Identity<\/a><a href=\"http:\/\/onboardteam.us\/en\/portfolio\/?term=medios-impresos\" class=\"filter-item medios-impresos\" data-filter=\".category-79\">Print Media<\/a><a href=\"http:\/\/onboardteam.us\/en\/portfolio\/?term=produccion-audiovisual\" class=\"filter-item produccion-audiovisual\" data-filter=\".category-120\">Video Commercials<\/a><a href=\"http:\/\/onboardteam.us\/en\/portfolio\/?term=rrss\" class=\"filter-item rrss\" data-filter=\".category-77\">Social Media Management<\/a><\/div><\/div><div class=\"iso-container dt-isotope custom-iso-columns\"><div class=\"visible wf-cell iso-item category-79\" data-post-id=\"92\" data-date=\"2020-05-11T16:25:56+00:00\" data-name=\"Camino Viejo Restaurant\"><article class=\"post visible post-92 dt_portfolio type-dt_portfolio status-publish has-post-thumbnail hentry dt_portfolio_category-medios-impresos\" data-name=\"Camino Viejo Restaurant\" data-date=\"2020-05-11T16:25:56+00:00\">\n\n\t<div class=\"post-thumbnail-wrap\">\n\t\t<div class=\"post-thumbnail\">\n\n\t\t\t<a class=\"post-thumbnail-rollover layzr-bg img-css-resize-wrapper\" aria-label=\"Post image\" href=\"http:\/\/onboardteam.us\/en\/project\/project004\/\"><img fetchpriority=\"high\" decoding=\"async\" width=\"1800\" height=\"1200\" src=\"data:image\/svg+xml,%3Csvg%20xmlns%3D&#039;http%3A%2F%2Fwww.w3.org%2F2000%2Fsvg&#039;%20viewBox%3D&#039;0%200%201800%201200&#039;%2F%3E\" class=\"attachment-full size-full preload-me aspect lazy lazy-load\" alt=\"\" sizes=\"(max-width: 1800px) 100vw, 1800px\" style=\"--ratio: 1800 \/ 1200;\" data-src=\"http:\/\/onboardteam.us\/wp-content\/uploads\/2020\/05\/portafolio-bnner-1.png\" loading=\"eager\" data-srcset=\"http:\/\/onboardteam.us\/wp-content\/uploads\/2020\/05\/portafolio-bnner-1.png 1800w, http:\/\/onboardteam.us\/wp-content\/uploads\/2020\/05\/portafolio-bnner-1-300x200.png 300w, http:\/\/onboardteam.us\/wp-content\/uploads\/2020\/05\/portafolio-bnner-1-1024x683.png 1024w, http:\/\/onboardteam.us\/wp-content\/uploads\/2020\/05\/portafolio-bnner-1-768x512.png 768w, http:\/\/onboardteam.us\/wp-content\/uploads\/2020\/05\/portafolio-bnner-1-1536x1024.png 1536w, http:\/\/onboardteam.us\/wp-content\/uploads\/2020\/05\/portafolio-bnner-1-800x533.png 800w\" \/><\/a>\n\t\t<\/div>\n\t<\/div>\n\n\n<div class=\"post-entry-content\">\n\n\t<h4 class=\"ele-entry-title\"><a href=\"http:\/\/onboardteam.us\/en\/project\/project004\/\" rel=\"bookmark\" title=\"Camino Viejo Restaurant\">Camino Viejo Restaurant<\/a><\/h4><div class=\"entry-meta\"><span class=\"meta-item category-link\"><span>Print Media<\/span><\/span><\/div><div class=\"entry-excerpt\"><p>Menu Design<\/p>\n<\/div><a href=\"http:\/\/onboardteam.us\/en\/project\/project004\/\" target=\"\" aria-label=\"Read more about Camino Viejo Restaurant\" class=\"box-button elementor-button elementor-size-xs\">See More<\/a>\n<\/div><\/article><\/div><div class=\"visible wf-cell iso-item category-66 category-77\" data-post-id=\"108\" data-date=\"2020-03-15T16:35:26+00:00\" data-name=\"Beaman Group\"><article class=\"post visible post-108 dt_portfolio type-dt_portfolio status-publish has-post-thumbnail hentry dt_portfolio_category-identidad dt_portfolio_category-rrss\" data-name=\"Beaman Group\" data-date=\"2020-03-15T16:35:26+00:00\">\n\n\t<div class=\"post-thumbnail-wrap\">\n\t\t<div class=\"post-thumbnail\">\n\n\t\t\t<a class=\"post-thumbnail-rollover layzr-bg img-css-resize-wrapper\" aria-label=\"Post image\" href=\"http:\/\/onboardteam.us\/en\/project\/project001\/\"><img decoding=\"async\" width=\"1800\" height=\"1200\" src=\"data:image\/svg+xml,%3Csvg%20xmlns%3D&#039;http%3A%2F%2Fwww.w3.org%2F2000%2Fsvg&#039;%20viewBox%3D&#039;0%200%201800%201200&#039;%2F%3E\" class=\"attachment-full size-full preload-me aspect lazy lazy-load\" alt=\"\" sizes=\"(max-width: 1800px) 100vw, 1800px\" style=\"--ratio: 1800 \/ 1200;\" data-src=\"http:\/\/onboardteam.us\/wp-content\/uploads\/2020\/03\/banner-beaman-3.png\" loading=\"eager\" data-srcset=\"http:\/\/onboardteam.us\/wp-content\/uploads\/2020\/03\/banner-beaman-3.png 1800w, http:\/\/onboardteam.us\/wp-content\/uploads\/2020\/03\/banner-beaman-3-300x200.png 300w, http:\/\/onboardteam.us\/wp-content\/uploads\/2020\/03\/banner-beaman-3-1024x683.png 1024w, http:\/\/onboardteam.us\/wp-content\/uploads\/2020\/03\/banner-beaman-3-768x512.png 768w, http:\/\/onboardteam.us\/wp-content\/uploads\/2020\/03\/banner-beaman-3-1536x1024.png 1536w, http:\/\/onboardteam.us\/wp-content\/uploads\/2020\/03\/banner-beaman-3-16x12.png 16w, http:\/\/onboardteam.us\/wp-content\/uploads\/2020\/03\/banner-beaman-3-800x533.png 800w\" \/><\/a>\n\t\t<\/div>\n\t<\/div>\n\n\n<div class=\"post-entry-content\">\n\n\t<h4 class=\"ele-entry-title\"><a href=\"http:\/\/onboardteam.us\/en\/project\/project001\/\" rel=\"bookmark\" title=\"Beaman Group\">Beaman Group<\/a><\/h4><div class=\"entry-meta\"><span class=\"meta-item category-link\"><span>Identity<\/span>, <span>Social Media Management<\/span><\/span><\/div><div class=\"entry-excerpt\"><p>Branding<\/p>\n<\/div><a href=\"http:\/\/onboardteam.us\/en\/project\/project001\/\" target=\"\" aria-label=\"Read more about Beaman Group\" class=\"box-button elementor-button elementor-size-xs\">See More<\/a>\n<\/div><\/article><\/div><div class=\"visible wf-cell iso-item category-120\" data-post-id=\"460\" data-date=\"2020-03-15T16:30:00+00:00\" data-name=\"Hispanos On The Road\"><article class=\"post visible post-460 dt_portfolio type-dt_portfolio status-publish has-post-thumbnail hentry dt_portfolio_category-produccion-audiovisual\" data-name=\"Hispanos On The Road\" data-date=\"2020-03-15T16:30:00+00:00\">\n\n\t<div class=\"post-thumbnail-wrap\">\n\t\t<div class=\"post-thumbnail\">\n\n\t\t\t<a class=\"post-thumbnail-rollover layzr-bg img-css-resize-wrapper\" aria-label=\"Post image\" href=\"http:\/\/onboardteam.us\/en\/project\/project002\/\"><img decoding=\"async\" width=\"1800\" height=\"1200\" src=\"data:image\/svg+xml,%3Csvg%20xmlns%3D&#039;http%3A%2F%2Fwww.w3.org%2F2000%2Fsvg&#039;%20viewBox%3D&#039;0%200%201800%201200&#039;%2F%3E\" class=\"attachment-full size-full preload-me aspect lazy lazy-load\" alt=\"\" sizes=\"(max-width: 1800px) 100vw, 1800px\" style=\"--ratio: 1800 \/ 1200;\" data-src=\"http:\/\/onboardteam.us\/wp-content\/uploads\/2020\/03\/banner-HOTR-2.png\" loading=\"eager\" data-srcset=\"http:\/\/onboardteam.us\/wp-content\/uploads\/2020\/03\/banner-HOTR-2.png 1800w, http:\/\/onboardteam.us\/wp-content\/uploads\/2020\/03\/banner-HOTR-2-300x200.png 300w, http:\/\/onboardteam.us\/wp-content\/uploads\/2020\/03\/banner-HOTR-2-1024x683.png 1024w, http:\/\/onboardteam.us\/wp-content\/uploads\/2020\/03\/banner-HOTR-2-768x512.png 768w, http:\/\/onboardteam.us\/wp-content\/uploads\/2020\/03\/banner-HOTR-2-1536x1024.png 1536w, http:\/\/onboardteam.us\/wp-content\/uploads\/2020\/03\/banner-HOTR-2-16x12.png 16w, http:\/\/onboardteam.us\/wp-content\/uploads\/2020\/03\/banner-HOTR-2-800x533.png 800w\" \/><\/a>\n\t\t<\/div>\n\t<\/div>\n\n\n<div class=\"post-entry-content\">\n\n\t<h4 class=\"ele-entry-title\"><a href=\"http:\/\/onboardteam.us\/en\/project\/project002\/\" rel=\"bookmark\" title=\"Hispanos On The Road\">Hispanos On The Road<\/a><\/h4><div class=\"entry-meta\"><span class=\"meta-item category-link\"><span>Video Commercials<\/span><\/span><\/div><div class=\"entry-excerpt\"><p>Audiovisual Project<\/p>\n<\/div><a href=\"http:\/\/onboardteam.us\/en\/project\/project002\/\" target=\"\" aria-label=\"Read more about Hispanos On The Road\" class=\"box-button elementor-button elementor-size-xs\">See More<\/a>\n<\/div><\/article><\/div><div class=\"visible wf-cell iso-item category-79\" data-post-id=\"104\" data-date=\"2020-03-10T16:33:29+00:00\" data-name=\"Javi&#039;s Menu\"><article class=\"post visible post-104 dt_portfolio type-dt_portfolio status-publish has-post-thumbnail hentry dt_portfolio_category-medios-impresos\" data-name=\"Javi&#8217;s Menu\" data-date=\"2020-03-10T16:33:29+00:00\">\n\n\t<div class=\"post-thumbnail-wrap\">\n\t\t<div class=\"post-thumbnail\">\n\n\t\t\t<a class=\"post-thumbnail-rollover layzr-bg img-css-resize-wrapper\" aria-label=\"Post image\" href=\"http:\/\/onboardteam.us\/en\/project\/project009\/\"><img decoding=\"async\" width=\"1800\" height=\"1200\" src=\"data:image\/svg+xml,%3Csvg%20xmlns%3D&#039;http%3A%2F%2Fwww.w3.org%2F2000%2Fsvg&#039;%20viewBox%3D&#039;0%200%201800%201200&#039;%2F%3E\" class=\"attachment-full size-full preload-me aspect lazy lazy-load\" alt=\"\" sizes=\"(max-width: 1800px) 100vw, 1800px\" style=\"--ratio: 1800 \/ 1200;\" data-src=\"http:\/\/onboardteam.us\/wp-content\/uploads\/2020\/03\/banner-javis-1-1.png\" loading=\"eager\" data-srcset=\"http:\/\/onboardteam.us\/wp-content\/uploads\/2020\/03\/banner-javis-1-1.png 1800w, http:\/\/onboardteam.us\/wp-content\/uploads\/2020\/03\/banner-javis-1-1-300x200.png 300w, http:\/\/onboardteam.us\/wp-content\/uploads\/2020\/03\/banner-javis-1-1-1024x683.png 1024w, http:\/\/onboardteam.us\/wp-content\/uploads\/2020\/03\/banner-javis-1-1-768x512.png 768w, http:\/\/onboardteam.us\/wp-content\/uploads\/2020\/03\/banner-javis-1-1-1536x1024.png 1536w, http:\/\/onboardteam.us\/wp-content\/uploads\/2020\/03\/banner-javis-1-1-16x12.png 16w, http:\/\/onboardteam.us\/wp-content\/uploads\/2020\/03\/banner-javis-1-1-800x533.png 800w\" \/><\/a>\n\t\t<\/div>\n\t<\/div>\n\n\n<div class=\"post-entry-content\">\n\n\t<h4 class=\"ele-entry-title\"><a href=\"http:\/\/onboardteam.us\/en\/project\/project009\/\" rel=\"bookmark\" title=\"Javi\u2019s Menu\">Javi\u2019s Menu<\/a><\/h4><div class=\"entry-meta\"><span class=\"meta-item category-link\"><span>Print Media<\/span><\/span><\/div><div class=\"entry-excerpt\"><p>Full and Digital Menu<\/p>\n<\/div><a href=\"http:\/\/onboardteam.us\/en\/project\/project009\/\" target=\"\" aria-label=\"Read more about Javi&#8217;s Menu\" class=\"box-button elementor-button elementor-size-xs\">See More<\/a>\n<\/div><\/article><\/div><div class=\"visible wf-cell iso-item category-77\" data-post-id=\"31018\" data-date=\"2020-01-13T15:59:58+00:00\" data-name=\"Boro Nissan\"><article class=\"post visible post-31018 dt_portfolio type-dt_portfolio status-publish has-post-thumbnail hentry dt_portfolio_category-rrss\" data-name=\"Boro Nissan\" data-date=\"2020-01-13T15:59:58+00:00\">\n\n\t<div class=\"post-thumbnail-wrap\">\n\t\t<div class=\"post-thumbnail\">\n\n\t\t\t<a class=\"post-thumbnail-rollover layzr-bg img-css-resize-wrapper\" aria-label=\"Post image\" href=\"http:\/\/onboardteam.us\/en\/project\/boro-nissan\/\"><img decoding=\"async\" width=\"1800\" height=\"1200\" src=\"data:image\/svg+xml,%3Csvg%20xmlns%3D&#039;http%3A%2F%2Fwww.w3.org%2F2000%2Fsvg&#039;%20viewBox%3D&#039;0%200%201800%201200&#039;%2F%3E\" class=\"attachment-full size-full preload-me aspect lazy lazy-load\" alt=\"\" sizes=\"(max-width: 1800px) 100vw, 1800px\" style=\"--ratio: 1800 \/ 1200;\" data-src=\"http:\/\/onboardteam.us\/wp-content\/uploads\/2020\/01\/banner-boro-nissan.png\" loading=\"eager\" data-srcset=\"http:\/\/onboardteam.us\/wp-content\/uploads\/2020\/01\/banner-boro-nissan.png 1800w, http:\/\/onboardteam.us\/wp-content\/uploads\/2020\/01\/banner-boro-nissan-300x200.png 300w, http:\/\/onboardteam.us\/wp-content\/uploads\/2020\/01\/banner-boro-nissan-1024x683.png 1024w, http:\/\/onboardteam.us\/wp-content\/uploads\/2020\/01\/banner-boro-nissan-768x512.png 768w, http:\/\/onboardteam.us\/wp-content\/uploads\/2020\/01\/banner-boro-nissan-1536x1024.png 1536w, http:\/\/onboardteam.us\/wp-content\/uploads\/2020\/01\/banner-boro-nissan-16x12.png 16w, http:\/\/onboardteam.us\/wp-content\/uploads\/2020\/01\/banner-boro-nissan-800x533.png 800w\" \/><\/a>\n\t\t<\/div>\n\t<\/div>\n\n\n<div class=\"post-entry-content\">\n\n\t<h4 class=\"ele-entry-title\"><a href=\"http:\/\/onboardteam.us\/en\/project\/boro-nissan\/\" rel=\"bookmark\" title=\"Boro Nissan\">Boro Nissan<\/a><\/h4><div class=\"entry-meta\"><span class=\"meta-item category-link\"><span>Social Media Management<\/span><\/span><\/div><div class=\"entry-excerpt\"><p>Social Media Management<\/p>\n<\/div><a href=\"http:\/\/onboardteam.us\/en\/project\/boro-nissan\/\" target=\"\" aria-label=\"Read more about Boro Nissan\" class=\"box-button elementor-button elementor-size-xs\">See More<\/a>\n<\/div><\/article><\/div><div class=\"visible wf-cell iso-item category-79\" data-post-id=\"2247\" data-date=\"2017-01-01T09:13:12+00:00\" data-name=\"Taquer\u00eda El Sol\"><article class=\"post visible post-2247 dt_portfolio type-dt_portfolio status-publish has-post-thumbnail hentry dt_portfolio_category-medios-impresos\" data-name=\"Taquer\u00eda El Sol\" data-date=\"2017-01-01T09:13:12+00:00\">\n\n\t<div class=\"post-thumbnail-wrap\">\n\t\t<div class=\"post-thumbnail\">\n\n\t\t\t<a class=\"post-thumbnail-rollover layzr-bg img-css-resize-wrapper\" aria-label=\"Post image\" href=\"http:\/\/onboardteam.us\/en\/project\/project018\/\"><img decoding=\"async\" width=\"1800\" height=\"1200\" src=\"data:image\/svg+xml,%3Csvg%20xmlns%3D&#039;http%3A%2F%2Fwww.w3.org%2F2000%2Fsvg&#039;%20viewBox%3D&#039;0%200%201800%201200&#039;%2F%3E\" class=\"attachment-full size-full preload-me aspect lazy lazy-load\" alt=\"\" sizes=\"(max-width: 1800px) 100vw, 1800px\" style=\"--ratio: 1800 \/ 1200;\" data-src=\"http:\/\/onboardteam.us\/wp-content\/uploads\/2017\/01\/el-sol-5.png\" loading=\"eager\" data-srcset=\"http:\/\/onboardteam.us\/wp-content\/uploads\/2017\/01\/el-sol-5.png 1800w, http:\/\/onboardteam.us\/wp-content\/uploads\/2017\/01\/el-sol-5-300x200.png 300w, http:\/\/onboardteam.us\/wp-content\/uploads\/2017\/01\/el-sol-5-1024x683.png 1024w, http:\/\/onboardteam.us\/wp-content\/uploads\/2017\/01\/el-sol-5-768x512.png 768w, http:\/\/onboardteam.us\/wp-content\/uploads\/2017\/01\/el-sol-5-1536x1024.png 1536w, http:\/\/onboardteam.us\/wp-content\/uploads\/2017\/01\/el-sol-5-16x12.png 16w, http:\/\/onboardteam.us\/wp-content\/uploads\/2017\/01\/el-sol-5-800x533.png 800w\" \/><\/a>\n\t\t<\/div>\n\t<\/div>\n\n\n<div class=\"post-entry-content\">\n\n\t<h4 class=\"ele-entry-title\"><a href=\"http:\/\/onboardteam.us\/en\/project\/project018\/\" rel=\"bookmark\" title=\"Taquer\u00eda El Sol\">Taquer\u00eda El Sol<\/a><\/h4><div class=\"entry-meta\"><span class=\"meta-item category-link\"><span>Print Media<\/span><\/span><\/div><div class=\"entry-excerpt\"><p>Menu Display<\/p>\n<\/div><a href=\"http:\/\/onboardteam.us\/en\/project\/project018\/\" target=\"\" aria-label=\"Read more about Taquer\u00eda El Sol\" class=\"box-button elementor-button elementor-size-xs\">See More<\/a>\n<\/div><\/article><\/div><\/div><!-- iso-container|iso-grid --><div class=\"paginator filter-decorations paginator-more-button filter-pointer-background\">\n\t\t\t\t<a class=\"button-load-more highlighted filter-item\" href=\"javascript:void(0);\" data-dt-page=\"1\" ><span class=\"button-caption\">Load more<\/span><i aria-hidden=\"true\" class=\"fas fa-chevron-down\"><\/i><\/a>\n\t\t\t<\/div><\/div>\t\t\t\t<\/div>\n\t\t\t\t<\/div>\n\t\t\t\t\t<\/div>\n\t\t<\/div>\n\t\t\t\t\t<\/div>\n\t\t<\/section>\n\t\t\t\t<\/div>","protected":false},"excerpt":{"rendered":"<p>Ver TodosIdentidadMedios ImpresosProducci\u00f3n AudiovisualManejo de Redes Sociales Camino Viejo Restaurant Medios Impresos Dise\u00f1o de Men\u00fa Ver M\u00e1s Beaman Group Identidad, Manejo de Redes Sociales Dise\u00f1o de Imagen Marca Ver M\u00e1s Hispanos On The Road Producci\u00f3n Audiovisual Proyecto Audiovisual Ver M\u00e1s Javi&#8217;s Menu Medios Impresos Men\u00fa Completo y Digital Ver M\u00e1s Boro Nissan Manejo de Redes&hellip;<\/p>","protected":false},"author":1,"featured_media":0,"parent":0,"menu_order":30,"comment_status":"closed","ping_status":"closed","template":"elementor_header_footer","meta":{"footnotes":""},"class_list":["post-29861","page","type-page","status-publish","hentry"],"_links":{"self":[{"href":"http:\/\/onboardteam.us\/en\/wp-json\/wp\/v2\/pages\/29861","targetHints":{"allow":["GET"]}}],"collection":[{"href":"http:\/\/onboardteam.us\/en\/wp-json\/wp\/v2\/pages"}],"about":[{"href":"http:\/\/onboardteam.us\/en\/wp-json\/wp\/v2\/types\/page"}],"author":[{"embeddable":true,"href":"http:\/\/onboardteam.us\/en\/wp-json\/wp\/v2\/users\/1"}],"replies":[{"embeddable":true,"href":"http:\/\/onboardteam.us\/en\/wp-json\/wp\/v2\/comments?post=29861"}],"version-history":[{"count":9,"href":"http:\/\/onboardteam.us\/en\/wp-json\/wp\/v2\/pages\/29861\/revisions"}],"predecessor-version":[{"id":31204,"href":"http:\/\/onboardteam.us\/en\/wp-json\/wp\/v2\/pages\/29861\/revisions\/31204"}],"wp:attachment":[{"href":"http:\/\/onboardteam.us\/en\/wp-json\/wp\/v2\/media?parent=29861"}],"curies":[{"name":"wp","href":"https:\/\/api.w.org\/{rel}","templated":true}]}}